{"id":17,"date":"2020-03-17T18:45:33","date_gmt":"2020-03-17T18:45:33","guid":{"rendered":"http:\/\/hompark.themezinho.net\/?page_id=17"},"modified":"2024-07-01T13:27:55","modified_gmt":"2024-07-01T13:27:55","slug":"contact","status":"publish","type":"page","link":"https:\/\/saranevent.vip\/en\/contact\/","title":{"rendered":"Contact"},"content":{"rendered":"<p>[vc_row use_container=&#8221;yes&#8221;][vc_column width=&#8221;1\/2&#8243;][ts_section_title title=&#8221;Saran Events &amp; Concepts&#8221;][\/vc_column][vc_column width=&#8221;1\/4&#8243;][ts_contact_block]<strong>Visit Us<\/strong><strong>Canad\u00e1<\/strong><\/p>\n<div class=\"place-desc-large\">\n<div class=\"address\">114 Rue des Peupliers Vall\u00e9e-Jonction (Qu\u00e9bec) Canada G0S 3J0<\/div>\n<div><\/div>\n<p>&nbsp;<\/p>\n<div><strong>Ecuador<\/strong><\/div>\n<div>La Granja &amp; Avenida R\u00edo Amazonas, Quito 170515<\/div>\n<\/div>\n<p>&nbsp;<\/p>\n<div><strong>Mexico city<\/strong><\/div>\n<div>Av.santa luza no 110<\/div>\n<p>&nbsp;<\/p>\n<div><strong>Cameroun<\/strong><\/div>\n<div>New bastos road next to the Libyan embassy<\/div>\n<p>&nbsp;<\/p>\n<div><strong>Bamako<\/strong><\/div>\n<div>Mali<\/div>\n<p>[\/ts_contact_block][\/vc_column][vc_column width=&#8221;1\/4&#8243;][ts_contact_block]<strong>Say Hello\u00a0<\/strong>scisse@saranevent.vip<\/p>\n<p>info@arisf.ca<br \/>\n+1 (514) 245 2039[\/ts_contact_block][\/vc_column][\/vc_row][vc_row motts_theme_padding=&#8221;no&#8221; use_container=&#8221;yes&#8221; css=&#8221;.vc_custom_1584958863407{margin-top: -100px !important;margin-bottom: 150px !important;}&#8221;][vc_column offset=&#8221;vc_col-md-6&#8243;][ts_google_map iframe_url=&#8221;https:\/\/www.google.com\/maps\/embed?pb=!1m18!1m12!1m3!1d2798.3529601517844!2d-73.88625328492812!3d45.46269334156581!2m3!1f0!2f0!3f0!3m2!1i1024!2i768!4f13.1!3m3!1m2!1s0x4cc93bc861773d19%3A0xa4b6798f35ec83d8!2s17694%20Pierrefonds%20Blvd.%2C%20Pierrefonds%2C%20QC%20H9J%201C1%2C%20Canad%C3%A1!5e0!3m2!1ses!2sec!4v1650905869349!5m2!1ses!2sec&#8221;][\/vc_column][vc_column css=&#8221;.vc_custom_1584959318998{padding-left: 60px !important;}&#8221; offset=&#8221;vc_col-md-6&#8243;]<div role=\"form\" class=\"wpcf7\" id=\"wpcf7-f12-o1\" lang=\"en-US\" dir=\"ltr\">\n<div class=\"screen-reader-response\"><p role=\"status\" aria-live=\"polite\" aria-atomic=\"true\"><\/p> <ul><\/ul><\/div>\n<form action=\"\/en\/wp-json\/wp\/v2\/pages\/17#wpcf7-f12-o1\" method=\"post\" class=\"wpcf7-form init\" novalidate=\"novalidate\" data-status=\"init\">\n<div style=\"display: none;\">\n<input type=\"hidden\" name=\"_wpcf7\" value=\"12\" \/>\n<input type=\"hidden\" name=\"_wpcf7_version\" value=\"5.6.2\" \/>\n<input type=\"hidden\" name=\"_wpcf7_locale\" value=\"en_US\" \/>\n<input type=\"hidden\" name=\"_wpcf7_unit_tag\" value=\"wpcf7-f12-o1\" \/>\n<input type=\"hidden\" name=\"_wpcf7_container_post\" value=\"0\" \/>\n<input type=\"hidden\" name=\"_wpcf7_posted_data_hash\" value=\"\" \/>\n<\/div>\n<p><label> Your Name (required)<br \/>\n    <span class=\"wpcf7-form-control-wrap\" data-name=\"your-name\"><input type=\"text\" name=\"your-name\" value=\"\" size=\"40\" class=\"wpcf7-form-control wpcf7-text wpcf7-validates-as-required\" aria-required=\"true\" aria-invalid=\"false\" \/><\/span> <\/label><\/p>\n<p><label> Your Email (required)<br \/>\n    <span class=\"wpcf7-form-control-wrap\" data-name=\"your-email\"><input type=\"email\" name=\"your-email\" value=\"\" size=\"40\" class=\"wpcf7-form-control wpcf7-text wpcf7-email wpcf7-validates-as-required wpcf7-validates-as-email\" aria-required=\"true\" aria-invalid=\"false\" \/><\/span> <\/label><\/p>\n<p><label> Subject<br \/>\n    <span class=\"wpcf7-form-control-wrap\" data-name=\"your-subject\"><input type=\"text\" name=\"your-subject\" value=\"\" size=\"40\" class=\"wpcf7-form-control wpcf7-text\" aria-invalid=\"false\" \/><\/span> <\/label><\/p>\n<p><label> Your Message<br \/>\n    <span class=\"wpcf7-form-control-wrap\" data-name=\"your-message\"><textarea name=\"your-message\" cols=\"40\" rows=\"10\" class=\"wpcf7-form-control wpcf7-textarea\" aria-invalid=\"false\"><\/textarea><\/span> <\/label><\/p>\n<p><input type=\"submit\" value=\"Send\" class=\"wpcf7-form-control has-spinner wpcf7-submit\" \/><\/p>\n<div class=\"wpcf7-response-output\" aria-hidden=\"true\"><\/div><\/form><\/div>[\/vc_column][\/vc_row]<\/p>\n","protected":false},"excerpt":{"rendered":"<p>[vc_row use_container=&#8221;yes&#8221;][vc_column width=&#8221;1\/2&#8243;][ts_section_title title=&#8221;Saran Events &amp; Concepts&#8221;][\/vc_column][vc_column width=&#8221;1\/4&#8243;][ts_contact_block]Visit UsCanad\u00e1 114 Rue des Peupliers Vall\u00e9e-Jonction (Qu\u00e9bec) Canada G0S 3J0 &nbsp; Ecuador La Granja &amp; Avenida R\u00edo Amazonas, Quito 170515 &nbsp; Mexico city Av.santa luza no 110 &nbsp; Cameroun New bastos road next to the Libyan embassy &nbsp; Bamako Mali [\/ts_contact_block][\/vc_column][vc_column width=&#8221;1\/4&#8243;][ts_contact_block]Say Hello\u00a0scisse@saranevent.vip info@arisf.ca +1 (514) 245 [&hellip;]<\/p>\n","protected":false},"author":1,"featured_media":0,"parent":0,"menu_order":0,"comment_status":"closed","ping_status":"closed","template":"","meta":{"_locale":"en_US","_original_post":"http:\/\/hompark.themezinho.net\/?page_id=17","footnotes":""},"class_list":["post-17","page","type-page","status-publish","hentry","en-US"],"acf":[],"_links":{"self":[{"href":"https:\/\/saranevent.vip\/wp-json\/wp\/v2\/pages\/17","targetHints":{"allow":["GET"]}}],"collection":[{"href":"https:\/\/saranevent.vip\/wp-json\/wp\/v2\/pages"}],"about":[{"href":"https:\/\/saranevent.vip\/wp-json\/wp\/v2\/types\/page"}],"author":[{"embeddable":true,"href":"https:\/\/saranevent.vip\/wp-json\/wp\/v2\/users\/1"}],"replies":[{"embeddable":true,"href":"https:\/\/saranevent.vip\/wp-json\/wp\/v2\/comments?post=17"}],"version-history":[{"count":9,"href":"https:\/\/saranevent.vip\/wp-json\/wp\/v2\/pages\/17\/revisions"}],"predecessor-version":[{"id":1230,"href":"https:\/\/saranevent.vip\/wp-json\/wp\/v2\/pages\/17\/revisions\/1230"}],"wp:attachment":[{"href":"https:\/\/saranevent.vip\/wp-json\/wp\/v2\/media?parent=17"}],"curies":[{"name":"wp","href":"https:\/\/api.w.org\/{rel}","templated":true}]}}